{"id":8789,"date":"2025-05-16T09:33:11","date_gmt":"2025-05-16T09:33:11","guid":{"rendered":"https:\/\/cartesio.com\/?page_id=8789"},"modified":"2025-06-24T11:14:20","modified_gmt":"2025-06-24T11:14:20","slug":"otra-informacion-legal","status":"publish","type":"page","link":"https:\/\/cartesio.com\/en\/otra-informacion-legal\/","title":{"rendered":"Other Legal Information"},"content":{"rendered":"<p>[et_pb_section fb_built=&#8221;1&#8243; custom_padding_last_edited=&#8221;on|desktop&#8221; _builder_version=&#8221;4.27.4&#8243; _module_preset=&#8221;default&#8221; custom_margin=&#8221;0px||0px||true|false&#8221; custom_padding=&#8221;0px|40px|0px|40px|false|true&#8221; custom_padding_tablet=&#8221;|20px||20px|false|true&#8221; custom_padding_phone=&#8221;|12px||12px|false|true&#8221; global_colors_info=&#8221;{}&#8221;][et_pb_row custom_padding_last_edited=&#8221;on|phone&#8221; admin_label=&#8221;breadcrumb&#8221; _builder_version=&#8221;4.27.4&#8243; background_size=&#8221;initial&#8221; background_position=&#8221;top_left&#8221; background_repeat=&#8221;repeat&#8221; width=&#8221;100%&#8221; max_width=&#8221;1920px&#8221; custom_margin=&#8221;0px||0px||true|false&#8221; custom_padding=&#8221;70px|40px|40px|40px|false|true&#8221; custom_padding_tablet=&#8221;|20px||20px|true|true&#8221; custom_padding_phone=&#8221;70px|12px|40px|12px|false|true&#8221; locked=&#8221;off&#8221; global_colors_info=&#8221;{}&#8221;][et_pb_column type=&#8221;4_4&#8243; _builder_version=&#8221;4.16&#8243; custom_padding=&#8221;|||&#8221; global_colors_info=&#8221;{}&#8221; custom_padding__hover=&#8221;|||&#8221;][et_pb_code _builder_version=&#8221;4.27.4&#8243; _module_preset=&#8221;default&#8221; global_colors_info=&#8221;{}&#8221;]<\/p>\n<div id=\"breadcrumb\" class=\"text-body-m color-blue-100\" style=\"display:flex; flex-direction:row; justify-content:start; align-items:center; flex-wrap:wrap; gap:8px;\"><!-- [et_pb_line_break_holder] --><\/div>\n<p><!-- [et_pb_line_break_holder] --> <!-- [et_pb_line_break_holder] --><script><!-- [et_pb_line_break_holder] -->document.addEventListener(\"DOMContentLoaded\", () => {<!-- [et_pb_line_break_holder] -->  const tituloAnterior = localStorage.getItem(\"tituloAnterior\");<!-- [et_pb_line_break_holder] -->  const urlAnterior = localStorage.getItem(\"urlAnterior\");<!-- [et_pb_line_break_holder] --> <!-- [et_pb_line_break_holder] -->  if (tituloAnterior && urlAnterior) {<!-- [et_pb_line_break_holder] -->    const breadcrumb = document.getElementById(\"breadcrumb\");<!-- [et_pb_line_break_holder] -->    breadcrumb.innerHTML = `<!-- [et_pb_line_break_holder] --><a class=\"color-grey-90 text-body-m\" style=\"text-decoration:underline;\" href=\"${urlAnterior}\" >${tituloAnterior}<\/a> <img decoding=\"async\" src=\"\/wp-content\/uploads\/2025\/05\/lightGrey-right-arrow.svg\"\/> Informaci\u00f3n legal de inter\u00e9s<!-- [et_pb_line_break_holder] -->    `;<!-- [et_pb_line_break_holder] -->  }<!-- [et_pb_line_break_holder] -->});<!-- [et_pb_line_break_holder] --><\/script>[\/et_pb_code][\/et_pb_column][\/et_pb_row][et_pb_row custom_padding_last_edited=&#8221;on|phone&#8221; _builder_version=&#8221;4.27.4&#8243; _module_preset=&#8221;default&#8221; width=&#8221;100%&#8221; max_width=&#8221;1920px&#8221; custom_margin=&#8221;0px||0px||false|false&#8221; custom_padding=&#8221;0px|40px|40px|40px|false|false&#8221; custom_padding_tablet=&#8221;|20px|20px|20px|false|true&#8221; custom_padding_phone=&#8221;|12px|20px|12px|false|true&#8221; hover_enabled=&#8221;0&#8243; global_colors_info=&#8221;{}&#8221; sticky_enabled=&#8221;0&#8243;][et_pb_column type=&#8221;4_4&#8243; _builder_version=&#8221;4.27.4&#8243; _module_preset=&#8221;default&#8221; global_colors_info=&#8221;{}&#8221;][et_pb_text module_class=&#8221;text-h2 color-blue-70&#8243; _builder_version=&#8221;4.27.4&#8243; _module_preset=&#8221;default&#8221; text_orientation=&#8221;center&#8221; global_colors_info=&#8221;{}&#8221;]<\/p>\n<p><span data-olk-copy-source=\"MessageBody\">Other legal information<\/span><\/p>\n<p>[\/et_pb_text][et_pb_code admin_label=&#8221;dowloads layout code&#8221; _builder_version=&#8221;4.27.4&#8243; _module_preset=&#8221;default&#8221; custom_css_main_element=&#8221;display:none;&#8221; custom_css_free_form=&#8221; .card {||  display: flex;||  flex-direction: row;||  justify-content: space-between;||  align-items: center;||  padding: 36px;||  width: 100%;||  border: 1px solid;||  transition: border-color 0.35s ease, background-color 0.35s ease;||}||||.card:hover {||  padding-top:29px;||  border-color: rgba(1, 86, 125, 1);||  border-top: 7px solid rgba(1, 86, 125, 1)!important;||  background-color: rgba(242, 241, 241, 1);||}||||.card-fix:hover{||  border-top: 8px solid rgba(1, 86, 125, 1)!important;||}||||.download-button:hover {||  cursor: pointer;||}||&#8221; locked=&#8221;off&#8221; global_colors_info=&#8221;{}&#8221;][\/et_pb_code][\/et_pb_column][\/et_pb_row][\/et_pb_section][et_pb_section fb_built=&#8221;1&#8243; custom_padding_last_edited=&#8221;on|desktop&#8221; _builder_version=&#8221;4.27.4&#8243; _module_preset=&#8221;default&#8221; width=&#8221;100%&#8221; custom_margin=&#8221;0px|0px|0px|0px|true|true&#8221; custom_padding=&#8221;0px|80px||80px|false|true&#8221; custom_padding_tablet=&#8221;|40px||40px|false|true&#8221; custom_padding_phone=&#8221;|24px||24px|false|true&#8221; global_colors_info=&#8221;{}&#8221;][et_pb_row column_structure=&#8221;1_2,1_2&#8243; custom_padding_last_edited=&#8221;on|phone&#8221; _builder_version=&#8221;4.27.4&#8243; _module_preset=&#8221;default&#8221; width=&#8221;100%&#8221; max_width=&#8221;1920px&#8221; module_alignment=&#8221;center&#8221; custom_padding=&#8221;40px|40px|40px|40px|true|true&#8221; custom_padding_tablet=&#8221;|20px||20px|true|true&#8221; custom_padding_phone=&#8221;20px|12px|20px|12px|true|true&#8221; hover_enabled=&#8221;0&#8243; border_width_top=&#8221;8px&#8221; border_color_top=&#8221;#2b7293&#8243; border_width_right=&#8221;1px&#8221; border_color_right=&#8221;#d8d6d4&#8243; border_width_bottom=&#8221;1px&#8221; border_color_bottom=&#8221;#d8d6d4&#8243; border_width_left=&#8221;1px&#8221; border_color_left=&#8221;#d8d6d4&#8243; global_colors_info=&#8221;{}&#8221; sticky_enabled=&#8221;0&#8243;][et_pb_column type=&#8221;1_2&#8243; _builder_version=&#8221;4.27.4&#8243; _module_preset=&#8221;default&#8221; custom_padding=&#8221;44px|44px|44px|44px|true|true&#8221; global_colors_info=&#8221;{}&#8221;][et_pb_text module_class=&#8221;text-body-l color-grey-80&#8243; _builder_version=&#8221;4.27.4&#8243; _module_preset=&#8221;default&#8221; hover_enabled=&#8221;0&#8243; global_colors_info=&#8221;{}&#8221; sticky_enabled=&#8221;0&#8243; header_text_color=&#8221;#001119&#8243; text_text_color=&#8221;#001119&#8243;]<\/p>\n<p>Cartesio S.G.I.I.C. S.A. is an investment fund management company registered, with number 221, on September 21, 2007 in the register of Management Companies of Collective Investment Institutions of the National Securities Market Commission. Cartesio SGIIC, SA was registered on July 23, 2007 in book 0, folio 7, section 8, sheet M-346062 of the Madrid Commercial Registry.<\/p>\n<p>[\/et_pb_text][\/et_pb_column][et_pb_column type=&#8221;1_2&#8243; _builder_version=&#8221;4.27.4&#8243; _module_preset=&#8221;default&#8221; global_colors_info=&#8221;{}&#8221;][et_pb_code _builder_version=&#8221;4.27.4&#8243; _module_preset=&#8221;default&#8221; z_index=&#8221;1&#8243; custom_margin=&#8221;0px|0px|0px|0px|true|true&#8221; custom_padding=&#8221;0px|0px|0px|0px|true|true&#8221; locked=&#8221;off&#8221; global_colors_info=&#8221;{}&#8221;] <a href=\"https:\/\/cartesio.com\/wp-content\/uploads\/2025\/05\/Cartesio_Reglamento.pdf\" class=\"download-button\" target=\"_blank\"><!-- [et_pb_line_break_holder] --><\/p>\n<div class=\"card card-fix color-grey-base\"><!-- [et_pb_line_break_holder] -->  <pee class=\"text-h6 color-orange-100\"><!-- [et_pb_line_break_holder] -->    Code of Conduct<!-- [et_pb_line_break_holder] -->  <\/pee><!-- [et_pb_line_break_holder] -->    <svg width=\"36\" height=\"37\" viewbox=\"0 0 36 37\" fill=\"none\" xmlns=\"http:\/\/www.w3.org\/2000\/svg\"><!-- [et_pb_line_break_holder] --><rect y=\"0.458984\" width=\"36\" height=\"36\" rx=\"8\" fill=\"#D8D6D4\"\/><!-- [et_pb_line_break_holder] --><path d=\"M18 23.5103L12.3077 17.818L13.713 16.372L17 19.659V8.45898H19V19.659L22.287 16.372L23.6923 17.818L18 23.5103ZM10.4103 28.459C9.73678 28.459 9.16667 28.2257 8.7 27.759C8.23333 27.2923 8 26.7222 8 26.0487L8 22.4333H10L10 26.0487C10 26.1513 10.0428 26.2453 10.1283 26.3307C10.2137 26.4162 10.3077 26.459 10.4103 26.459L25.5897 26.459C25.6923 26.459 25.7863 26.4162 25.8717 26.3307C25.9572 26.2453 26 26.1513 26 26.0487V22.4333H28V26.0487C28 26.7222 27.7667 27.2923 27.3 27.759C26.8333 28.2257 26.2632 28.459 25.5897 28.459L10.4103 28.459Z\" fill=\"#2B2B2A\"\/><!-- [et_pb_line_break_holder] --><\/svg><!-- [et_pb_line_break_holder] --><\/div>\n<p><!-- [et_pb_line_break_holder] -->  <\/a>[\/et_pb_code][et_pb_code _builder_version=&#8221;4.27.4&#8243; _module_preset=&#8221;default&#8221; z_index=&#8221;1&#8243; custom_margin=&#8221;0px|0px|0px|0px|true|true&#8221; custom_padding=&#8221;0px|0px|0px|0px|true|true&#8221; locked=&#8221;off&#8221; global_colors_info=&#8221;{}&#8221;] <a href=\"https:\/\/cartesio.com\/wp-content\/uploads\/2025\/05\/Politica_Implicacion_Accionista.pdf\" class=\"download-button\" target=\"_blank\"><!-- [et_pb_line_break_holder] --><\/p>\n<div class=\"card color-grey-base\"><!-- [et_pb_line_break_holder] -->  <pee class=\"text-h6 color-orange-100\"><!-- [et_pb_line_break_holder] -->    Shareholder Engagement Policy<!-- [et_pb_line_break_holder] -->  <\/pee><!-- [et_pb_line_break_holder] -->    <svg width=\"36\" height=\"37\" viewbox=\"0 0 36 37\" fill=\"none\" xmlns=\"http:\/\/www.w3.org\/2000\/svg\"><!-- [et_pb_line_break_holder] --><rect y=\"0.458984\" width=\"36\" height=\"36\" rx=\"8\" fill=\"#D8D6D4\"\/><!-- [et_pb_line_break_holder] --><path d=\"M18 23.5103L12.3077 17.818L13.713 16.372L17 19.659V8.45898H19V19.659L22.287 16.372L23.6923 17.818L18 23.5103ZM10.4103 28.459C9.73678 28.459 9.16667 28.2257 8.7 27.759C8.23333 27.2923 8 26.7222 8 26.0487L8 22.4333H10L10 26.0487C10 26.1513 10.0428 26.2453 10.1283 26.3307C10.2137 26.4162 10.3077 26.459 10.4103 26.459L25.5897 26.459C25.6923 26.459 25.7863 26.4162 25.8717 26.3307C25.9572 26.2453 26 26.1513 26 26.0487V22.4333H28V26.0487C28 26.7222 27.7667 27.2923 27.3 27.759C26.8333 28.2257 26.2632 28.459 25.5897 28.459L10.4103 28.459Z\" fill=\"#2B2B2A\"\/><!-- [et_pb_line_break_holder] --><\/svg><!-- [et_pb_line_break_holder] --><\/div>\n<p><!-- [et_pb_line_break_holder] -->  <\/a>[\/et_pb_code][et_pb_code _builder_version=&#8221;4.27.4&#8243; _module_preset=&#8221;default&#8221; z_index=&#8221;1&#8243; custom_margin=&#8221;0px|0px|0px|0px|true|true&#8221; custom_padding=&#8221;0px|0px|0px|0px|true|true&#8221; locked=&#8221;off&#8221; global_colors_info=&#8221;{}&#8221;] <a href=\"https:\/\/cartesio.com\/wp-content\/uploads\/2025\/05\/Infome_anual_implicacion_como_accionista_2024.pdf\" class=\"download-button\" target=\"_blank\"><!-- [et_pb_line_break_holder] --><\/p>\n<div class=\"card color-grey-base\"><!-- [et_pb_line_break_holder] -->  <pee class=\"text-h6 color-orange-100\"><!-- [et_pb_line_break_holder] -->    2024 Annual Report on Shareholder Engagement Policy<!-- [et_pb_line_break_holder] -->  <\/pee><!-- [et_pb_line_break_holder] -->    <svg width=\"36\" height=\"37\" viewbox=\"0 0 36 37\" fill=\"none\" xmlns=\"http:\/\/www.w3.org\/2000\/svg\"><!-- [et_pb_line_break_holder] --><rect y=\"0.458984\" width=\"36\" height=\"36\" rx=\"8\" fill=\"#D8D6D4\"\/><!-- [et_pb_line_break_holder] --><path d=\"M18 23.5103L12.3077 17.818L13.713 16.372L17 19.659V8.45898H19V19.659L22.287 16.372L23.6923 17.818L18 23.5103ZM10.4103 28.459C9.73678 28.459 9.16667 28.2257 8.7 27.759C8.23333 27.2923 8 26.7222 8 26.0487L8 22.4333H10L10 26.0487C10 26.1513 10.0428 26.2453 10.1283 26.3307C10.2137 26.4162 10.3077 26.459 10.4103 26.459L25.5897 26.459C25.6923 26.459 25.7863 26.4162 25.8717 26.3307C25.9572 26.2453 26 26.1513 26 26.0487V22.4333H28V26.0487C28 26.7222 27.7667 27.2923 27.3 27.759C26.8333 28.2257 26.2632 28.459 25.5897 28.459L10.4103 28.459Z\" fill=\"#2B2B2A\"\/><!-- [et_pb_line_break_holder] --><\/svg><!-- [et_pb_line_break_holder] --><\/div>\n<p><!-- [et_pb_line_break_holder] -->  <\/a>[\/et_pb_code][et_pb_code _builder_version=&#8221;4.27.4&#8243; _module_preset=&#8221;default&#8221; z_index=&#8221;1&#8243; custom_margin=&#8221;0px|0px|0px|0px|true|true&#8221; custom_padding=&#8221;0px|0px|0px|0px|true|true&#8221; locked=&#8221;off&#8221; global_colors_info=&#8221;{}&#8221;] <a href=\"https:\/\/cartesio.com\/wp-content\/uploads\/2025\/05\/Politica_de_Remuneraciones.pdf\" class=\"download-button\" target=\"_blank\"><!-- [et_pb_line_break_holder] -->   <\/p>\n<div class=\"card color-grey-base\"><!-- [et_pb_line_break_holder] -->  <pee class=\"text-h6 color-orange-100\"><!-- [et_pb_line_break_holder] -->    Compensation Policy<!-- [et_pb_line_break_holder] -->  <\/pee><!-- [et_pb_line_break_holder] -->    <svg width=\"36\" height=\"37\" viewbox=\"0 0 36 37\" fill=\"none\" xmlns=\"http:\/\/www.w3.org\/2000\/svg\"><!-- [et_pb_line_break_holder] --><rect y=\"0.458984\" width=\"36\" height=\"36\" rx=\"8\" fill=\"#D8D6D4\"\/><!-- [et_pb_line_break_holder] --><path d=\"M18 23.5103L12.3077 17.818L13.713 16.372L17 19.659V8.45898H19V19.659L22.287 16.372L23.6923 17.818L18 23.5103ZM10.4103 28.459C9.73678 28.459 9.16667 28.2257 8.7 27.759C8.23333 27.2923 8 26.7222 8 26.0487L8 22.4333H10L10 26.0487C10 26.1513 10.0428 26.2453 10.1283 26.3307C10.2137 26.4162 10.3077 26.459 10.4103 26.459L25.5897 26.459C25.6923 26.459 25.7863 26.4162 25.8717 26.3307C25.9572 26.2453 26 26.1513 26 26.0487V22.4333H28V26.0487C28 26.7222 27.7667 27.2923 27.3 27.759C26.8333 28.2257 26.2632 28.459 25.5897 28.459L10.4103 28.459Z\" fill=\"#2B2B2A\"\/><!-- [et_pb_line_break_holder] --><\/svg><!-- [et_pb_line_break_holder] --><\/div>\n<p><!-- [et_pb_line_break_holder] -->  <\/a>[\/et_pb_code][\/et_pb_column][\/et_pb_row][\/et_pb_section]<\/p>","protected":false},"excerpt":{"rendered":"<p>Informaci\u00f3n legal de inter\u00e9sCartesio S.G.I.I.C. S.A. es una gestora de fondos de inversi\u00f3n inscrita, con el n\u00famero 221, el 21 de Septiembre de 2007 en el registro de Sociedades Gestoras de Instituciones de Inversi\u00f3n Colectiva de la Comisi\u00f3n Nacional del Mercado de Valores. Cartesio SGIIC, SA fue inscrita el 23 de Julio de 2007 en [&hellip;]<\/p>","protected":false},"author":1,"featured_media":0,"parent":0,"menu_order":0,"comment_status":"closed","ping_status":"closed","template":"","meta":{"_acf_changed":false,"_et_pb_use_builder":"on","_et_pb_old_content":"","_et_gb_content_width":"1080","_mo_disable_npp":"","inline_featured_image":false,"_uag_custom_page_level_css":"","footnotes":""},"class_list":["post-8789","page","type-page","status-publish","hentry"],"acf":{"link_1":"","link1_header":""},"yoast_head":"<!-- This site is optimized with the Yoast SEO Premium plugin v24.6 (Yoast SEO v26.8) - https:\/\/yoast.com\/product\/yoast-seo-premium-wordpress\/ -->\n<title>Otra informaci\u00f3n legal - cartesio<\/title>\n<meta name=\"robots\" content=\"index, follow, max-snippet:-1, max-image-preview:large, max-video-preview:-1\" \/>\n<link rel=\"canonical\" href=\"https:\/\/cartesio.com\/en\/otra-informacion-legal\/\" \/>\n<meta property=\"og:locale\" content=\"en_US\" \/>\n<meta property=\"og:type\" content=\"article\" \/>\n<meta property=\"og:title\" content=\"Otra informaci\u00f3n legal\" \/>\n<meta property=\"og:description\" content=\"Informaci\u00f3n legal de inter\u00e9sCartesio S.G.I.I.C. S.A. es una gestora de fondos de inversi\u00f3n inscrita, con el n\u00famero 221, el 21 de Septiembre de 2007 en el registro de Sociedades Gestoras de Instituciones de Inversi\u00f3n Colectiva de la Comisi\u00f3n Nacional del Mercado de Valores. Cartesio SGIIC, SA fue inscrita el 23 de Julio de 2007 en [&hellip;]\" \/>\n<meta property=\"og:url\" content=\"https:\/\/cartesio.com\/en\/otra-informacion-legal\/\" \/>\n<meta property=\"og:site_name\" content=\"cartesio\" \/>\n<meta property=\"article:modified_time\" content=\"2025-06-24T11:14:20+00:00\" \/>\n<meta name=\"twitter:card\" content=\"summary_large_image\" \/>\n<meta name=\"twitter:site\" content=\"@Cartesioinv\" \/>\n<script type=\"application\/ld+json\" class=\"yoast-schema-graph\">{\"@context\":\"https:\/\/schema.org\",\"@graph\":[{\"@type\":\"WebPage\",\"@id\":\"https:\/\/cartesio.com\/otra-informacion-legal\/\",\"url\":\"https:\/\/cartesio.com\/otra-informacion-legal\/\",\"name\":\"Otra informaci\u00f3n legal - cartesio\",\"isPartOf\":{\"@id\":\"https:\/\/cartesio.com\/#website\"},\"datePublished\":\"2025-05-16T09:33:11+00:00\",\"dateModified\":\"2025-06-24T11:14:20+00:00\",\"breadcrumb\":{\"@id\":\"https:\/\/cartesio.com\/otra-informacion-legal\/#breadcrumb\"},\"inLanguage\":\"en-US\",\"potentialAction\":[{\"@type\":\"ReadAction\",\"target\":[\"https:\/\/cartesio.com\/otra-informacion-legal\/\"]}]},{\"@type\":\"BreadcrumbList\",\"@id\":\"https:\/\/cartesio.com\/otra-informacion-legal\/#breadcrumb\",\"itemListElement\":[{\"@type\":\"ListItem\",\"position\":1,\"name\":\"Home\",\"item\":\"https:\/\/cartesio.com\/\"},{\"@type\":\"ListItem\",\"position\":2,\"name\":\"Otra informaci\u00f3n legal\"}]},{\"@type\":\"WebSite\",\"@id\":\"https:\/\/cartesio.com\/#website\",\"url\":\"https:\/\/cartesio.com\/\",\"name\":\"cartesio\",\"description\":\"\",\"publisher\":{\"@id\":\"https:\/\/cartesio.com\/#organization\"},\"potentialAction\":[{\"@type\":\"SearchAction\",\"target\":{\"@type\":\"EntryPoint\",\"urlTemplate\":\"https:\/\/cartesio.com\/?s={search_term_string}\"},\"query-input\":{\"@type\":\"PropertyValueSpecification\",\"valueRequired\":true,\"valueName\":\"search_term_string\"}}],\"inLanguage\":\"en-US\"},{\"@type\":\"Organization\",\"@id\":\"https:\/\/cartesio.com\/#organization\",\"name\":\"cartesio\",\"url\":\"https:\/\/cartesio.com\/\",\"logo\":{\"@type\":\"ImageObject\",\"inLanguage\":\"en-US\",\"@id\":\"https:\/\/cartesio.com\/#\/schema\/logo\/image\/\",\"url\":\"https:\/\/cartesio.com\/wp-content\/uploads\/2025\/05\/favicon.svg\",\"contentUrl\":\"https:\/\/cartesio.com\/wp-content\/uploads\/2025\/05\/favicon.svg\",\"width\":128,\"height\":128,\"caption\":\"cartesio\"},\"image\":{\"@id\":\"https:\/\/cartesio.com\/#\/schema\/logo\/image\/\"},\"sameAs\":[\"https:\/\/x.com\/Cartesioinv\"]}]}<\/script>\n<!-- \/ Yoast SEO Premium plugin. -->","yoast_head_json":{"title":"Otra informaci\u00f3n legal - cartesio","robots":{"index":"index","follow":"follow","max-snippet":"max-snippet:-1","max-image-preview":"max-image-preview:large","max-video-preview":"max-video-preview:-1"},"canonical":"https:\/\/cartesio.com\/en\/otra-informacion-legal\/","og_locale":"en_US","og_type":"article","og_title":"Otra informaci\u00f3n legal","og_description":"Informaci\u00f3n legal de inter\u00e9sCartesio S.G.I.I.C. S.A. es una gestora de fondos de inversi\u00f3n inscrita, con el n\u00famero 221, el 21 de Septiembre de 2007 en el registro de Sociedades Gestoras de Instituciones de Inversi\u00f3n Colectiva de la Comisi\u00f3n Nacional del Mercado de Valores. Cartesio SGIIC, SA fue inscrita el 23 de Julio de 2007 en [&hellip;]","og_url":"https:\/\/cartesio.com\/en\/otra-informacion-legal\/","og_site_name":"cartesio","article_modified_time":"2025-06-24T11:14:20+00:00","twitter_card":"summary_large_image","twitter_site":"@Cartesioinv","schema":{"@context":"https:\/\/schema.org","@graph":[{"@type":"WebPage","@id":"https:\/\/cartesio.com\/otra-informacion-legal\/","url":"https:\/\/cartesio.com\/otra-informacion-legal\/","name":"Otra informaci\u00f3n legal - cartesio","isPartOf":{"@id":"https:\/\/cartesio.com\/#website"},"datePublished":"2025-05-16T09:33:11+00:00","dateModified":"2025-06-24T11:14:20+00:00","breadcrumb":{"@id":"https:\/\/cartesio.com\/otra-informacion-legal\/#breadcrumb"},"inLanguage":"en-US","potentialAction":[{"@type":"ReadAction","target":["https:\/\/cartesio.com\/otra-informacion-legal\/"]}]},{"@type":"BreadcrumbList","@id":"https:\/\/cartesio.com\/otra-informacion-legal\/#breadcrumb","itemListElement":[{"@type":"ListItem","position":1,"name":"Home","item":"https:\/\/cartesio.com\/"},{"@type":"ListItem","position":2,"name":"Otra informaci\u00f3n legal"}]},{"@type":"WebSite","@id":"https:\/\/cartesio.com\/#website","url":"https:\/\/cartesio.com\/","name":"cartesio","description":"","publisher":{"@id":"https:\/\/cartesio.com\/#organization"},"potentialAction":[{"@type":"SearchAction","target":{"@type":"EntryPoint","urlTemplate":"https:\/\/cartesio.com\/?s={search_term_string}"},"query-input":{"@type":"PropertyValueSpecification","valueRequired":true,"valueName":"search_term_string"}}],"inLanguage":"en-US"},{"@type":"Organization","@id":"https:\/\/cartesio.com\/#organization","name":"cartesio","url":"https:\/\/cartesio.com\/","logo":{"@type":"ImageObject","inLanguage":"en-US","@id":"https:\/\/cartesio.com\/#\/schema\/logo\/image\/","url":"https:\/\/cartesio.com\/wp-content\/uploads\/2025\/05\/favicon.svg","contentUrl":"https:\/\/cartesio.com\/wp-content\/uploads\/2025\/05\/favicon.svg","width":128,"height":128,"caption":"cartesio"},"image":{"@id":"https:\/\/cartesio.com\/#\/schema\/logo\/image\/"},"sameAs":["https:\/\/x.com\/Cartesioinv"]}]}},"uagb_featured_image_src":{"full":false,"thumbnail":false,"medium":false,"medium_large":false,"large":false,"1536x1536":false,"2048x2048":false,"trp-custom-language-flag":false,"et-pb-post-main-image":false,"et-pb-post-main-image-fullwidth":false,"et-pb-portfolio-image":false,"et-pb-portfolio-module-image":false,"et-pb-portfolio-image-single":false,"et-pb-gallery-module-image-portrait":false,"et-pb-post-main-image-fullwidth-large":false,"et-pb-image--responsive--desktop":false,"et-pb-image--responsive--tablet":false,"et-pb-image--responsive--phone":false},"uagb_author_info":{"display_name":"dev-cartesiowp-admin","author_link":"https:\/\/cartesio.com\/en\/author\/dev-cartesiowp-admin\/"},"uagb_comment_info":0,"uagb_excerpt":"Informaci\u00f3n legal de inter\u00e9sCartesio S.G.I.I.C. S.A. es una gestora de fondos de inversi\u00f3n inscrita, con el n\u00famero 221, el 21 de Septiembre de 2007 en el registro de Sociedades Gestoras de Instituciones de Inversi\u00f3n Colectiva de la Comisi\u00f3n Nacional del Mercado de Valores. Cartesio SGIIC, SA fue inscrita el 23 de Julio de 2007 en&hellip;","_links":{"self":[{"href":"https:\/\/cartesio.com\/en\/wp-json\/wp\/v2\/pages\/8789","targetHints":{"allow":["GET"]}}],"collection":[{"href":"https:\/\/cartesio.com\/en\/wp-json\/wp\/v2\/pages"}],"about":[{"href":"https:\/\/cartesio.com\/en\/wp-json\/wp\/v2\/types\/page"}],"author":[{"embeddable":true,"href":"https:\/\/cartesio.com\/en\/wp-json\/wp\/v2\/users\/1"}],"replies":[{"embeddable":true,"href":"https:\/\/cartesio.com\/en\/wp-json\/wp\/v2\/comments?post=8789"}],"version-history":[{"count":5,"href":"https:\/\/cartesio.com\/en\/wp-json\/wp\/v2\/pages\/8789\/revisions"}],"predecessor-version":[{"id":11899,"href":"https:\/\/cartesio.com\/en\/wp-json\/wp\/v2\/pages\/8789\/revisions\/11899"}],"wp:attachment":[{"href":"https:\/\/cartesio.com\/en\/wp-json\/wp\/v2\/media?parent=8789"}],"curies":[{"name":"wp","href":"https:\/\/api.w.org\/{rel}","templated":true}]}}